{"id":5,"date":"2023-07-20T13:41:36","date_gmt":"2023-07-20T13:41:36","guid":{"rendered":"https:\/\/rindeab.de\/?page_id=5"},"modified":"2023-09-16T11:54:45","modified_gmt":"2023-09-16T11:54:45","slug":"willkommen-auf-https-rindeab-de","status":"publish","type":"page","link":"https:\/\/rindeab.de\/","title":{"rendered":"Willkommen auf rindeab.de"},"content":{"rendered":"<p><a rel=\"noreferrer noopener\" href=\"https:\/\/rindeab-de.translate.goog\/?_x_tr_sl=de&amp;_x_tr_tl=en&amp;_x_tr_hl=de&amp;_x_tr_pto=wapp\" target=\"_blank\">English<\/a> +<br><\/p><p><br>Wir haben einige Informationen auf unserer Startseite wenn Sie die Ware kaufen m\u00f6chten gehen Sie auf Shop. Versand f\u00fcr Deutschland ist kostenlos! Andere L\u00e4nder ab 12 eur. <br>Makita 1002BA 220-230Volt <\/p><p>Stihl MS360! <\/p><p>Scheibenfr\u00e4se Fr\u00e4se Trogh\u00f6hler auf Winkelschleifer ,<\/p><p> Entrinder Log Debarker ETR 100 via Motors\u00e4ge.<\/p><p>Trogh\u00f6hler Holzfr\u00e4se via Motors\u00e4ge.<\/p><figure class=\"wp-block-image is-resized\"><img loading=\"lazy\" decoding=\"async\" src=\"https:\/\/rindeab.de\/wp-content\/uploads\/2023\/07\/IMG_3850-scaled.jpeg\" alt=\"\" class=\"wp-image-15\" style=\"width:532px;height:398px\" width=\"532\" height=\"398\" srcset=\"https:\/\/rindeab.de\/wp-content\/uploads\/2023\/07\/IMG_3850-scaled.jpeg 2560w, https:\/\/rindeab.de\/wp-content\/uploads\/2023\/07\/IMG_3850-scaled-600x450.jpeg 600w, https:\/\/rindeab.de\/wp-content\/uploads\/2023\/07\/IMG_3850-300x225.jpeg 300w, https:\/\/rindeab.de\/wp-content\/uploads\/2023\/07\/IMG_3850-1024x768.jpeg 1024w, https:\/\/rindeab.de\/wp-content\/uploads\/2023\/07\/IMG_3850-768x576.jpeg 768w, https:\/\/rindeab.de\/wp-content\/uploads\/2023\/07\/IMG_3850-1536x1152.jpeg 1536w, https:\/\/rindeab.de\/wp-content\/uploads\/2023\/07\/IMG_3850-2048x1536.jpeg 2048w, https:\/\/rindeab.de\/wp-content\/uploads\/2023\/07\/IMG_3850-667x500.jpeg 667w, https:\/\/rindeab.de\/wp-content\/uploads\/2023\/07\/IMG_3850-400x300.jpeg 400w\" sizes=\"(max-width: 532px) 100vw, 532px\" \/><\/figure><p><br>STIHL MS170, MS170C, MS171, MS180, MS180C, MS181, MS181C, MS190T, MS191T, MS210, MS210C, MS211, MS230, MS230C, MS250, MS250C, + STIHL 251C. 017, 018, 019T, 021, 023, 025.<\/p><figure class=\"wp-block-image is-resized\"><img loading=\"lazy\" decoding=\"async\" src=\"https:\/\/rindeab.de\/wp-content\/uploads\/2023\/07\/IMG_3831-scaled.jpeg\" alt=\"\" class=\"wp-image-20\" style=\"width:586px;height:439px\" width=\"586\" height=\"439\" srcset=\"https:\/\/rindeab.de\/wp-content\/uploads\/2023\/07\/IMG_3831-scaled.jpeg 2560w, https:\/\/rindeab.de\/wp-content\/uploads\/2023\/07\/IMG_3831-scaled-600x450.jpeg 600w, https:\/\/rindeab.de\/wp-content\/uploads\/2023\/07\/IMG_3831-300x225.jpeg 300w, https:\/\/rindeab.de\/wp-content\/uploads\/2023\/07\/IMG_3831-1024x768.jpeg 1024w, https:\/\/rindeab.de\/wp-content\/uploads\/2023\/07\/IMG_3831-768x576.jpeg 768w, https:\/\/rindeab.de\/wp-content\/uploads\/2023\/07\/IMG_3831-1536x1152.jpeg 1536w, https:\/\/rindeab.de\/wp-content\/uploads\/2023\/07\/IMG_3831-2048x1536.jpeg 2048w, https:\/\/rindeab.de\/wp-content\/uploads\/2023\/07\/IMG_3831-667x500.jpeg 667w, https:\/\/rindeab.de\/wp-content\/uploads\/2023\/07\/IMG_3831-400x300.jpeg 400w\" sizes=\"(max-width: 586px) 100vw, 586px\" \/><\/figure><figure class=\"wp-block-embed is-type-video is-provider-youtube wp-block-embed-youtube wp-embed-aspect-16-9 wp-has-aspect-ratio\"><div class=\"wp-block-embed__wrapper\">\n<iframe loading=\"lazy\" title=\"Blockhausbau #3 (Das Werkzeug)\" width=\"640\" height=\"360\" src=\"https:\/\/www.youtube.com\/embed\/UNbHsWzhMcE?feature=oembed\" frameborder=\"0\" allow=\"accelerometer; autoplay; clipboard-write; encrypted-media; gyroscope; picture-in-picture; web-share\" referrerpolicy=\"strict-origin-when-cross-origin\" allowfullscreen><\/iframe>\n<\/div><figcaption class=\"wp-element-caption\">Das ist Profi Kunde von uns ! <br>Ab 11 min ! <br>3 Messer HSS Swiss Made durchmesser 2cm<br>Aufsatz mit 3 messer in durchmesser 12 cm.<br>Versand in Australien Schweiz USA UK anfragen und andere fernziele bitte anfragen!<br>Shipping in Australia Switzerland USA UK \u2026\u2026,,<\/figcaption><\/figure><p><br>STIHL MS240, MS260, MS270, MS280, MS261, MS261C, MS271, MS271C, MS281 + STIHL 024, 026.<\/p><p>STIHL MS290, MS291, MS291C, MS310, MS311, MS340, MS360, MS390, MS391, + STIHL 029, 034, AV036, 039.<\/p><p>STIHL MS361, MS362, MS441, MS440, MS500i + STIHL 044, 046.<\/p><p>Husqvarna 42, 133, 234, 238, 246, 242 inc. XP XPG.<\/p><p>Husqvarna 362, 365, 371, 372, 372, 570, 575 inc. XP XPG + Oregon 22273, 68210<\/p><p>Husqvarna 545, 550, 555, 560, 562 inc. XP XPG + Jonsered CS2252, CS2253WH<\/p><p>Husqvarna 36, 37, 41, 42, 134, 136, 137, 137E, 141, 142, 142e, 235, 235e, 236, 236e, 240, 240e inc. XP XPG.<\/p><p>Husqvarna 40, 45.<\/p><p>Husqvarna 135, 135E, 140, 140E inc. Mark1 + Mcculloch CS350, CS390.<\/p><p>Husqvarna&nbsp;<strong>340, 340e, 345, 346XP, 350, 357, 359, 351, 353, 455, 455, 450, 460<\/strong>&nbsp;,455.<\/p><p>Husqvarna 543 inc. XP, XPG Neus Model.<\/p><p>Husqvarna 50, 51, 55, 257, 254, 154.<\/p><p>Dolmar 109, 110, 111, 115, PS43, PS52, PS51, PS540.<\/p><p>Dolmar PS32C, PS32CTLC, PS3400, PS3400TH, 3410TH, PS35C inc. TH TLC.<\/p><p>Dolmar PS 5000, 4600, 4605, 5105.<\/p><p>Dolmar 6000, 6008<\/p><p>Dolmar 6100, 6100H<\/p><p>Dolmar PS630, 6400, 7300, 7310, 7900, 7900<\/p><p>SHINDAIWA 390, 446, 452, 466, 491, 501,502.<\/p><p>Echo CS490S, CS500P, CS501P, CS501P<\/p><p>Echo 3900, CS4100, 3600, 4510,CS440, 3700,CS400, 4200, 4400,4500<\/p><p>Echo 352, 353, 3500 (dol6100)<\/p><p>Echo CS310, 352ES, 353, SH3055<\/p><p>Makita DCS430, DCS520i, DCS4300, DCS5200i (dol109(105)<\/p><p>Makita EA7300P, AE7900P, PS6400, PS6400, PS7300, PS7900 (dolps630)<\/p><p>Winkelschleifer  Entrinder 150mm und 200mm<\/p><p>Log Milling Machine Debarking Angle Battery grinder, Log Peeler Lahzit\u00a0<\/p><figure class=\"wp-block-image size-large\"><img loading=\"lazy\" decoding=\"async\" width=\"870\" height=\"1024\" src=\"https:\/\/rindeab.de\/wp-content\/uploads\/2023\/07\/IMG_2709-870x1024.jpeg\" alt=\"\" class=\"wp-image-21\" srcset=\"https:\/\/rindeab.de\/wp-content\/uploads\/2023\/07\/IMG_2709-870x1024.jpeg 870w, https:\/\/rindeab.de\/wp-content\/uploads\/2023\/07\/IMG_2709-600x706.jpeg 600w, https:\/\/rindeab.de\/wp-content\/uploads\/2023\/07\/IMG_2709-255x300.jpeg 255w, https:\/\/rindeab.de\/wp-content\/uploads\/2023\/07\/IMG_2709-768x904.jpeg 768w, https:\/\/rindeab.de\/wp-content\/uploads\/2023\/07\/IMG_2709-425x500.jpeg 425w, https:\/\/rindeab.de\/wp-content\/uploads\/2023\/07\/IMG_2709.jpeg 1125w\" sizes=\"(max-width: 870px) 100vw, 870px\" \/><\/figure><blockquote class=\"wp-block-quote is-layout-flow wp-block-quote-is-layout-flow\"><p><\/p>\n\n<figure class=\"wp-block-image size-large\"><img loading=\"lazy\" decoding=\"async\" width=\"768\" height=\"1024\" src=\"https:\/\/rindeab.de\/wp-content\/uploads\/2023\/07\/IMG_2317-768x1024.jpeg\" alt=\"\" class=\"wp-image-24\" srcset=\"https:\/\/rindeab.de\/wp-content\/uploads\/2023\/07\/IMG_2317-768x1024.jpeg 768w, https:\/\/rindeab.de\/wp-content\/uploads\/2023\/07\/IMG_2317-scaled-600x800.jpeg 600w, https:\/\/rindeab.de\/wp-content\/uploads\/2023\/07\/IMG_2317-225x300.jpeg 225w, https:\/\/rindeab.de\/wp-content\/uploads\/2023\/07\/IMG_2317-1152x1536.jpeg 1152w, https:\/\/rindeab.de\/wp-content\/uploads\/2023\/07\/IMG_2317-1536x2048.jpeg 1536w, https:\/\/rindeab.de\/wp-content\/uploads\/2023\/07\/IMG_2317-375x500.jpeg 375w, https:\/\/rindeab.de\/wp-content\/uploads\/2023\/07\/IMG_2317-scaled.jpeg 1920w\" sizes=\"(max-width: 768px) 100vw, 768px\" \/><\/figure>\n\n<figure class=\"wp-block-image size-large is-resized\"><img loading=\"lazy\" decoding=\"async\" src=\"https:\/\/rindeab.de\/wp-content\/uploads\/2023\/07\/IMG_2711-1024x921.jpeg\" alt=\"\" class=\"wp-image-29\" style=\"width:525px;height:473px\" width=\"525\" height=\"473\" srcset=\"https:\/\/rindeab.de\/wp-content\/uploads\/2023\/07\/IMG_2711-1024x921.jpeg 1024w, https:\/\/rindeab.de\/wp-content\/uploads\/2023\/07\/IMG_2711-600x539.jpeg 600w, https:\/\/rindeab.de\/wp-content\/uploads\/2023\/07\/IMG_2711-300x270.jpeg 300w, https:\/\/rindeab.de\/wp-content\/uploads\/2023\/07\/IMG_2711-768x690.jpeg 768w, https:\/\/rindeab.de\/wp-content\/uploads\/2023\/07\/IMG_2711-556x500.jpeg 556w, https:\/\/rindeab.de\/wp-content\/uploads\/2023\/07\/IMG_2711-334x300.jpeg 334w, https:\/\/rindeab.de\/wp-content\/uploads\/2023\/07\/IMG_2711.jpeg 1119w\" sizes=\"(max-width: 525px) 100vw, 525px\" \/><\/figure>\n\n<figure class=\"wp-block-image size-large is-resized\"><img loading=\"lazy\" decoding=\"async\" src=\"https:\/\/rindeab.de\/wp-content\/uploads\/2023\/07\/IMG_5046-768x1024.jpeg\" alt=\"\" class=\"wp-image-32\" style=\"width:528px;height:704px\" width=\"528\" height=\"704\" srcset=\"https:\/\/rindeab.de\/wp-content\/uploads\/2023\/07\/IMG_5046-768x1024.jpeg 768w, https:\/\/rindeab.de\/wp-content\/uploads\/2023\/07\/IMG_5046-scaled-600x800.jpeg 600w, https:\/\/rindeab.de\/wp-content\/uploads\/2023\/07\/IMG_5046-225x300.jpeg 225w, https:\/\/rindeab.de\/wp-content\/uploads\/2023\/07\/IMG_5046-1152x1536.jpeg 1152w, https:\/\/rindeab.de\/wp-content\/uploads\/2023\/07\/IMG_5046-1536x2048.jpeg 1536w, https:\/\/rindeab.de\/wp-content\/uploads\/2023\/07\/IMG_5046-375x500.jpeg 375w, https:\/\/rindeab.de\/wp-content\/uploads\/2023\/07\/IMG_5046-scaled.jpeg 1920w\" sizes=\"(max-width: 528px) 100vw, 528px\" \/><\/figure>\n\n<figure class=\"wp-block-image size-large is-resized\"><img loading=\"lazy\" decoding=\"async\" src=\"https:\/\/rindeab.de\/wp-content\/uploads\/2023\/07\/IMG_5047-1024x742.jpeg\" alt=\"\" class=\"wp-image-33\" style=\"width:530px;height:384px\" width=\"530\" height=\"384\" srcset=\"https:\/\/rindeab.de\/wp-content\/uploads\/2023\/07\/IMG_5047-1024x742.jpeg 1024w, https:\/\/rindeab.de\/wp-content\/uploads\/2023\/07\/IMG_5047-600x435.jpeg 600w, https:\/\/rindeab.de\/wp-content\/uploads\/2023\/07\/IMG_5047-300x217.jpeg 300w, https:\/\/rindeab.de\/wp-content\/uploads\/2023\/07\/IMG_5047-768x556.jpeg 768w, https:\/\/rindeab.de\/wp-content\/uploads\/2023\/07\/IMG_5047-1536x1113.jpeg 1536w, https:\/\/rindeab.de\/wp-content\/uploads\/2023\/07\/IMG_5047-690x500.jpeg 690w, https:\/\/rindeab.de\/wp-content\/uploads\/2023\/07\/IMG_5047-414x300.jpeg 414w, https:\/\/rindeab.de\/wp-content\/uploads\/2023\/07\/IMG_5047.jpeg 1938w\" sizes=\"(max-width: 530px) 100vw, 530px\" \/><\/figure><cite>https:\/\/youtu.be\/xpjlidCC1bY<br><\/cite><\/blockquote><figure class=\"wp-block-embed is-type-video is-provider-youtube wp-block-embed-youtube wp-embed-aspect-16-9 wp-has-aspect-ratio\"><div class=\"wp-block-embed__wrapper\">\n<iframe loading=\"lazy\" title=\"Husqvarna kettenrad demontieren www.rindeab.de\" width=\"640\" height=\"360\" src=\"https:\/\/www.youtube.com\/embed\/xpjlidCC1bY?feature=oembed\" frameborder=\"0\" allow=\"accelerometer; autoplay; clipboard-write; encrypted-media; gyroscope; picture-in-picture; web-share\" referrerpolicy=\"strict-origin-when-cross-origin\" allowfullscreen><\/iframe>\n<\/div><figcaption class=\"wp-element-caption\">Wie Mann bei Husqvarna der Antriebsrad demontiert.<\/figcaption><\/figure><p>______________________________________<\/p><blockquote class=\"wp-block-quote is-layout-flow wp-block-quote-is-layout-flow\"><p><strong>Impressum<\/strong><br>Preis Robert<\/p>\n\n<p>Agencja<\/p>\n\n<p>Ul. Kollataja 3, 14500 Braniewo<\/p>\n\n<p>TEL WhatsApp +49 1625989935<\/p>\n\n<p>Email prro200@icloud.com<\/p><\/blockquote>","protected":false},"excerpt":{"rendered":"<p>English + Wir haben einige Informationen auf unserer Startseite wenn Sie die Ware kaufen m\u00f6chten gehen Sie auf Shop. Versand f\u00fcr Deutschland ist kostenlos! Andere L\u00e4nder ab 12 eur. Makita 1002BA 220-230Volt Stihl MS360! Scheibenfr\u00e4se Fr\u00e4se Trogh\u00f6hler auf Winkelschleifer , Entrinder Log Debarker ETR 100 via Motors\u00e4ge. Trogh\u00f6hler Holzfr\u00e4se via Motors\u00e4ge. STIHL MS170, MS170C, MS171, [&hellip;]<\/p>\n","protected":false},"author":1,"featured_media":0,"parent":0,"menu_order":0,"comment_status":"closed","ping_status":"open","template":"","meta":{"footnotes":""},"class_list":["post-5","page","type-page","status-publish","hentry"],"_links":{"self":[{"href":"https:\/\/rindeab.de\/index.php?rest_route=\/wp\/v2\/pages\/5"}],"collection":[{"href":"https:\/\/rindeab.de\/index.php?rest_route=\/wp\/v2\/pages"}],"about":[{"href":"https:\/\/rindeab.de\/index.php?rest_route=\/wp\/v2\/types\/page"}],"author":[{"embeddable":true,"href":"https:\/\/rindeab.de\/index.php?rest_route=\/wp\/v2\/users\/1"}],"replies":[{"embeddable":true,"href":"https:\/\/rindeab.de\/index.php?rest_route=%2Fwp%2Fv2%2Fcomments&post=5"}],"version-history":[{"count":16,"href":"https:\/\/rindeab.de\/index.php?rest_route=\/wp\/v2\/pages\/5\/revisions"}],"predecessor-version":[{"id":80,"href":"https:\/\/rindeab.de\/index.php?rest_route=\/wp\/v2\/pages\/5\/revisions\/80"}],"wp:attachment":[{"href":"https:\/\/rindeab.de\/index.php?rest_route=%2Fwp%2Fv2%2Fmedia&parent=5"}],"curies":[{"name":"wp","href":"https:\/\/api.w.org\/{rel}","templated":true}]}}