{"id":25,"date":"2023-07-20T14:34:18","date_gmt":"2023-07-20T14:34:18","guid":{"rendered":"https:\/\/rindeab.de\/?post_type=product&#038;p=25"},"modified":"2023-09-16T12:39:36","modified_gmt":"2023-09-16T12:39:36","slug":"entrinder","status":"publish","type":"product","link":"https:\/\/rindeab.de\/?product=entrinder","title":{"rendered":"Entrinder 100ETR Debarker Entrindungsger\u00e4t Wie     EDER \u2013 Sch\u00e4lger\u00e4t ESG1"},"content":{"rendered":"<blockquote><p>Das sind die Modelle f\u00fcr die wir Entrinder Haben.<\/p>\n<p>Bitte beim Kauf in \u00bbAnmerkungen zur Bestellung\u00ab PayPal E-Mail von Ihnen eintragen. Sie bekommen von mir Paypal Rechnung. Und wir kl\u00e4ren genau, welche Variante Ihnen am besten passt. Bitte tragen Sie da auch welche Motors\u00e4ge Sie haben und Baujahr.<\/p>\n<p><iframe loading=\"lazy\" title=\"Bedienungsanleitung  Entrinder rindeab.de\" width=\"640\" height=\"360\" src=\"https:\/\/www.youtube.com\/embed\/A3_10KjTl9E?feature=oembed\" frameborder=\"0\" allow=\"accelerometer; autoplay; clipboard-write; encrypted-media; gyroscope; picture-in-picture; web-share\" referrerpolicy=\"strict-origin-when-cross-origin\" allowfullscreen><\/iframe><\/p>\n<p>2 Messer HSS Swiss Made 105mm<br \/>\nAufsatz von zwei Messer die beide seitig scharf sind wenn eine Seite abgearbeitet ist kann man das Messer umdrehen. Neue Messer sind bei uns kosten g\u00fcnstig nach zu kaufen!<br \/>\nVersand in Australien Schweiz USA UK anfragen und andere fernziele bitte anfragen!<br \/>\nShipping in Australia Switzerland USA UK \u2026\u2026,,<br \/>\nDas ist die Liste Von Motors\u00e4gen \u00a0f\u00fcr die wir Adapter gebaut haben beziehungsweise zu Verf\u00fcgung haben, beim Kauf einfach dazu schreiben was Sie brauchen.<\/p>\n<p>_____________________<\/p>\n<p>These are the models for which we have debarkers.<\/p>\n<p>Please enter your PayPal e-mail when making a purchase in &#8222;Comments on the order&#8220;. You will receive a Paypal invoice from me. And we will clarify exactly which variant suits you best. Please also indicate which chainsaw you have and year of manufacture.<\/p>\n<p>2 Knives HSS Swiss Made 105mm<br \/>\nAttachment of two knives that are sharp on both sides when one side is processed, you can turn the knife over. New knives are cheap to buy from us after the cost!<br \/>\nShipping in Australia Switzerland USA UK enquiries and other long-distance destinations please enquire!<br \/>\nShipping in Australia Switzerland USA UK worldwide<br \/>\nThis is the list of chainsaws for which we have built or have adapters available.<\/p>\n<p>STIHL MS170, MS170C, MS171, MS180, MS180C, MS181, MS181C, MS190T, MS191T, MS210, MS210C, MS211, MS230, MS230C, MS250, MS250C, + STIHL 251C. 017, 018, 019T, 021, 023, 025.<\/p>\n<p>STIHL MS240, MS260, MS270, MS280, MS261, MS261C, MS271, MS271C, MS281 + STIHL 024, 026.<\/p>\n<p>STIHL MS290, MS291, MS291C, MS310, MS311, MS340, MS360, MS390, MS391, + STIHL 029, 034, AV036, 039.<\/p>\n<p>STIHL MS361, MS362, MS441, MS440, MS500i + STIHL 044, 046.<\/p>\n<p>&nbsp;<\/p>\n<p>Husqvarna 42, 133, 234, 238, 246, 242 inc. XP XPG.<\/p>\n<p>Husqvarna 362, 365, 371, 372, 372, 570, 575 inc. XP XPG + Oregon 22273, 68210<\/p>\n<p>Husqvarna 545, 550, 555, 560, 562 inc. XP XPG + Jonsered CS2252, CS2253WH<\/p>\n<p>Husqvarna 36, 37, 41, 42, 134, 136, 137, 137E, 141, 142, 142e, 235, 235e, 236, 236e, 240, 240e inc. XP XPG.<\/p>\n<p>Husqvarna 40, 45.<\/p>\n<p>Husqvarna 135, 135E, 140, 140E inc. Mark1 + Mcculloch CS350, CS390.<\/p>\n<p>Husqvarna 340, 340e, 345, 346XP, 350, 357, 359, 351, 353, 455, 455, 450, 460 ,455.<\/p>\n<p>Husqvarna 543 inc. XP, XPG Neus Model.<\/p>\n<p>Husqvarna 50, 51, 55, 257, 254, 154.<\/p>\n<p>&nbsp;<\/p>\n<p>Dolmar 109, 110, 111, 115, PS43, PS52, PS51, PS540.<\/p>\n<p>Dolmar PS32C, PS32CTLC, PS3400, PS3400TH, 3410TH, PS35C inc. TH TLC.<\/p>\n<p>Dolmar PS 5000, 4600, 4605, 5105.<\/p>\n<p>Dolmar 6000, 6008<\/p>\n<p>Dolmar 6100, 6100H<\/p>\n<p>Dolmar PS630, 6400, 7300, 7310, 7900, 7900<\/p>\n<p>&nbsp;<\/p>\n<p>SHINDAIWA 390, 446, 452, 466, 491, 501,502.<\/p>\n<p>&nbsp;<\/p>\n<p>Echo CS490S, CS500P, CS501P, CS501P<\/p>\n<p>Echo 3900, CS4100, 3600, 4510,CS440, 3700,CS400, 4200, 4400,4500<\/p>\n<p>Echo 352, 353, 3500 (dol6100)<\/p>\n<p>Echo CS310, 352ES, 353, SH3055<\/p>\n<p>&nbsp;<\/p>\n<p>Makita DCS430, DCS520i, DCS4300, DCS5200i (dol109(105)<\/p>\n<p>Makita EA7300P, AE7900P, PS6400, PS6400, PS7300, PS7900 (dolps630)<\/p>\n<p>Video 1<\/p>\n<p>https:\/\/youtu.be\/4h4XykCj9jc<\/p><\/blockquote>\n","protected":false},"excerpt":{"rendered":"<blockquote><p>&nbsp;<\/p><\/blockquote>\n","protected":false},"featured_media":15,"comment_status":"open","ping_status":"closed","template":"","meta":[],"product_brand":[],"product_cat":[15],"product_tag":[31,30,25,27,28,26,32,29],"class_list":{"0":"post-25","1":"product","2":"type-product","3":"status-publish","4":"has-post-thumbnail","6":"product_cat-unkategorisiert","7":"product_tag-den-stumpf-abfressen","8":"product_tag-den-stumpf-entfernen","9":"product_tag-entinder","10":"product_tag-hobel-auf-motorsaege","11":"product_tag-holz-ab-fraesen","12":"product_tag-holzschilder","13":"product_tag-mehling-maschine","14":"product_tag-rest-holz-abhobeln","16":"first","17":"instock","18":"shipping-taxable","19":"purchasable","20":"product-type-simple"},"_links":{"self":[{"href":"https:\/\/rindeab.de\/index.php?rest_route=\/wp\/v2\/product\/25"}],"collection":[{"href":"https:\/\/rindeab.de\/index.php?rest_route=\/wp\/v2\/product"}],"about":[{"href":"https:\/\/rindeab.de\/index.php?rest_route=\/wp\/v2\/types\/product"}],"replies":[{"embeddable":true,"href":"https:\/\/rindeab.de\/index.php?rest_route=%2Fwp%2Fv2%2Fcomments&post=25"}],"wp:featuredmedia":[{"embeddable":true,"href":"https:\/\/rindeab.de\/index.php?rest_route=\/wp\/v2\/media\/15"}],"wp:attachment":[{"href":"https:\/\/rindeab.de\/index.php?rest_route=%2Fwp%2Fv2%2Fmedia&parent=25"}],"wp:term":[{"taxonomy":"product_brand","embeddable":true,"href":"https:\/\/rindeab.de\/index.php?rest_route=%2Fwp%2Fv2%2Fproduct_brand&post=25"},{"taxonomy":"product_cat","embeddable":true,"href":"https:\/\/rindeab.de\/index.php?rest_route=%2Fwp%2Fv2%2Fproduct_cat&post=25"},{"taxonomy":"product_tag","embeddable":true,"href":"https:\/\/rindeab.de\/index.php?rest_route=%2Fwp%2Fv2%2Fproduct_tag&post=25"}],"curies":[{"name":"wp","href":"https:\/\/api.w.org\/{rel}","templated":true}]}}