{"id":37,"date":"2023-07-20T22:11:44","date_gmt":"2023-07-20T22:11:44","guid":{"rendered":"https:\/\/rindeab.de\/?post_type=product&#038;p=37"},"modified":"2026-01-16T10:43:07","modified_gmt":"2026-01-16T10:43:07","slug":"makita-1002ba-made-in-japan-220-230v","status":"publish","type":"product","link":"https:\/\/rindeab.de\/?product=makita-1002ba-made-in-japan-220-230v","title":{"rendered":"Makita 1002BA Made in Japan! 220-230V"},"content":{"rendered":"<h2 style=\"text-align: center;\">Sie kaufen Neu Makita 1002BA ! Mit 5 Jahren Garantie! 12 Monate Garantie und 4 Jahren kostenlose Reparatur.<br \/>\nBei unserem Konkurrenz kostet die Makita 1200\u20ac<br \/>\nWir haben \u00a0gro\u00dfe Nachfrage das Problem ist Makita hat die Produktion f\u00fcr Osteuropa angestellt und die Ger\u00e4te sind sehr schwer zu bekommen.\u00dcberwiegend bekommen wir welche.<\/h2>\n<h2>Bitte beim Kauf in \u00bbAnmerkungen zur Bestellung\u00ab wenn Sie PayPal w\u00fcnschen inc. \u00a0Paypal-E-Mail von Ihnen eintragen ich sende Ihnen Paypal Rechnung Den sie dann bezahlen via PayPal!<\/h2>\n<h2 style=\"text-align: center;\"><img loading=\"lazy\" decoding=\"async\" class=\"alignnone size-medium wp-image-32 alignleft\" src=\"https:\/\/rindeab.de\/wp-content\/uploads\/2023\/07\/IMG_5046-225x300.jpeg\" alt=\"\" width=\"225\" height=\"300\" srcset=\"https:\/\/rindeab.de\/wp-content\/uploads\/2023\/07\/IMG_5046-225x300.jpeg 225w, https:\/\/rindeab.de\/wp-content\/uploads\/2023\/07\/IMG_5046-scaled-600x800.jpeg 600w, https:\/\/rindeab.de\/wp-content\/uploads\/2023\/07\/IMG_5046-768x1024.jpeg 768w, https:\/\/rindeab.de\/wp-content\/uploads\/2023\/07\/IMG_5046-1152x1536.jpeg 1152w, https:\/\/rindeab.de\/wp-content\/uploads\/2023\/07\/IMG_5046-1536x2048.jpeg 1536w, https:\/\/rindeab.de\/wp-content\/uploads\/2023\/07\/IMG_5046-375x500.jpeg 375w, https:\/\/rindeab.de\/wp-content\/uploads\/2023\/07\/IMG_5046-scaled.jpeg 1920w\" sizes=\"(max-width: 225px) 100vw, 225px\" \/><\/h2>\n","protected":false},"excerpt":{"rendered":"<p><img loading=\"lazy\" decoding=\"async\" class=\"alignnone size-medium wp-image-33\" src=\"https:\/\/rindeab.de\/wp-content\/uploads\/2023\/07\/IMG_5047-300x217.jpeg\" alt=\"\" width=\"300\" height=\"217\" srcset=\"https:\/\/rindeab.de\/wp-content\/uploads\/2023\/07\/IMG_5047-300x217.jpeg 300w, https:\/\/rindeab.de\/wp-content\/uploads\/2023\/07\/IMG_5047-600x435.jpeg 600w, https:\/\/rindeab.de\/wp-content\/uploads\/2023\/07\/IMG_5047-1024x742.jpeg 1024w, https:\/\/rindeab.de\/wp-content\/uploads\/2023\/07\/IMG_5047-768x556.jpeg 768w, https:\/\/rindeab.de\/wp-content\/uploads\/2023\/07\/IMG_5047-1536x1113.jpeg 1536w, https:\/\/rindeab.de\/wp-content\/uploads\/2023\/07\/IMG_5047-690x500.jpeg 690w, https:\/\/rindeab.de\/wp-content\/uploads\/2023\/07\/IMG_5047-414x300.jpeg 414w, https:\/\/rindeab.de\/wp-content\/uploads\/2023\/07\/IMG_5047.jpeg 1938w\" sizes=\"(max-width: 300px) 100vw, 300px\" \/><\/p>\n","protected":false},"featured_media":32,"comment_status":"open","ping_status":"closed","template":"","meta":[],"product_brand":[],"product_cat":[15],"product_tag":[33,19,34,16,35],"class_list":{"0":"post-37","1":"product","2":"type-product","3":"status-publish","4":"has-post-thumbnail","6":"product_cat-unkategorisiert","7":"product_tag-1002ba","8":"product_tag-entrinder","9":"product_tag-gebogener-grundhobel","10":"product_tag-makita-1002ba","11":"product_tag-schiffshobel","13":"first","14":"instock","15":"shipping-taxable","16":"purchasable","17":"product-type-simple"},"_links":{"self":[{"href":"https:\/\/rindeab.de\/index.php?rest_route=\/wp\/v2\/product\/37"}],"collection":[{"href":"https:\/\/rindeab.de\/index.php?rest_route=\/wp\/v2\/product"}],"about":[{"href":"https:\/\/rindeab.de\/index.php?rest_route=\/wp\/v2\/types\/product"}],"replies":[{"embeddable":true,"href":"https:\/\/rindeab.de\/index.php?rest_route=%2Fwp%2Fv2%2Fcomments&post=37"}],"wp:featuredmedia":[{"embeddable":true,"href":"https:\/\/rindeab.de\/index.php?rest_route=\/wp\/v2\/media\/32"}],"wp:attachment":[{"href":"https:\/\/rindeab.de\/index.php?rest_route=%2Fwp%2Fv2%2Fmedia&parent=37"}],"wp:term":[{"taxonomy":"product_brand","embeddable":true,"href":"https:\/\/rindeab.de\/index.php?rest_route=%2Fwp%2Fv2%2Fproduct_brand&post=37"},{"taxonomy":"product_cat","embeddable":true,"href":"https:\/\/rindeab.de\/index.php?rest_route=%2Fwp%2Fv2%2Fproduct_cat&post=37"},{"taxonomy":"product_tag","embeddable":true,"href":"https:\/\/rindeab.de\/index.php?rest_route=%2Fwp%2Fv2%2Fproduct_tag&post=37"}],"curies":[{"name":"wp","href":"https:\/\/api.w.org\/{rel}","templated":true}]}}