{"id":42,"date":"2023-07-26T14:12:04","date_gmt":"2023-07-26T14:12:04","guid":{"rendered":"https:\/\/rindeab.de\/?post_type=product&#038;p=42"},"modified":"2023-09-16T12:45:32","modified_gmt":"2023-09-16T12:45:32","slug":"entrinder-winkelschleifer-flex-auch-akku-winkelschleifer-s200","status":"publish","type":"product","link":"https:\/\/rindeab.de\/?product=entrinder-winkelschleifer-flex-auch-akku-winkelschleifer-s200","title":{"rendered":"Entrinder Winkelschleifer (flex) auch Akku Winkelschleifer S200 Log Milling Machine Debarking Angle Battery grinder, Log Peeler Lahzit"},"content":{"rendered":"<blockquote><p>Log Milling Machine Debarking Angle Battery grinder, Log Peeler Lahzit \u00a0D 200mm<\/p>\n<p>Bitte beim Kauf in \u00bbAnmerkungen zur Bestellung\u00ab PayPal E-Mail von Ihnen eintragen. Sie bekommen von mir Paypal Rechnung. Und wir kl\u00e4ren genau, welche Variante Ihnen am besten passt.<\/p>\n<p>Der Adapter passt auf Winkelschleifer alle Hersteller.<br \/>\nDer Adapter hat drei Messer von Makita Professional Serie. Damit l\u00e4sst sich wunderbar und sehr wirtschaftlich Rinde entfernen sowie auch fein hobeln!<br \/>\n_____________________<br \/>\nLog Milling Machine Debarking Angle Battery grinder, Log Peeler Lahzit 200mm<\/p>\n<p>&nbsp;<\/p>\n<p>Please enter your PayPal e-mail when making a purchase in &#8222;Comments on the order&#8220;. You will receive a Paypal invoice from me. And we will clarify exactly which variant suits you best.<\/p>\n<p>The adapter fits on angle grinders of all manufacturers.<br \/>\nThe adapter has three knives from Makita Professional series. This makes it possible to remove bark wonderfully and very economically, as well as to plan finely!<\/p>\n<p>Video 1<\/p><\/blockquote>\n<p><!--more--><\/p>\n<p><iframe loading=\"lazy\" title=\"Debarker Entrindungsger\u00e4t Sch\u00e4lger\u00e4t Entrinder mit Flex Dewalt Makita Bosch www.rindeab.de\" width=\"640\" height=\"360\" src=\"https:\/\/www.youtube.com\/embed\/a66XuZ2YaLg?feature=oembed\" frameborder=\"0\" allow=\"accelerometer; autoplay; clipboard-write; encrypted-media; gyroscope; picture-in-picture; web-share\" referrerpolicy=\"strict-origin-when-cross-origin\" allowfullscreen><\/iframe><\/p>\n<p><iframe loading=\"lazy\" title=\"Blockhaus bauen Hobel oder entrinden WWW.RINDEAB.DE   Building Planer for flat planing or debarking\" width=\"640\" height=\"360\" src=\"https:\/\/www.youtube.com\/embed\/zyct1emcIiU?feature=oembed\" frameborder=\"0\" allow=\"accelerometer; autoplay; clipboard-write; encrypted-media; gyroscope; picture-in-picture; web-share\" referrerpolicy=\"strict-origin-when-cross-origin\" allowfullscreen><\/iframe><\/p>\n","protected":false},"excerpt":{"rendered":"<blockquote><p><img loading=\"lazy\" decoding=\"async\" class=\"alignnone size-medium wp-image-21\" src=\"https:\/\/rindeab.de\/wp-content\/uploads\/2023\/07\/IMG_2709-255x300.jpeg\" alt=\"\" width=\"255\" height=\"300\" srcset=\"https:\/\/rindeab.de\/wp-content\/uploads\/2023\/07\/IMG_2709-255x300.jpeg 255w, https:\/\/rindeab.de\/wp-content\/uploads\/2023\/07\/IMG_2709-600x706.jpeg 600w, https:\/\/rindeab.de\/wp-content\/uploads\/2023\/07\/IMG_2709-870x1024.jpeg 870w, https:\/\/rindeab.de\/wp-content\/uploads\/2023\/07\/IMG_2709-768x904.jpeg 768w, https:\/\/rindeab.de\/wp-content\/uploads\/2023\/07\/IMG_2709-425x500.jpeg 425w, https:\/\/rindeab.de\/wp-content\/uploads\/2023\/07\/IMG_2709.jpeg 1125w\" sizes=\"(max-width: 255px) 100vw, 255px\" \/><\/p><\/blockquote>\n","protected":false},"featured_media":21,"comment_status":"open","ping_status":"closed","template":"","meta":[],"product_brand":[],"product_cat":[15],"product_tag":[22,24,21,23],"class_list":{"0":"post-42","1":"product","2":"type-product","3":"status-publish","4":"has-post-thumbnail","6":"product_cat-unkategorisiert","7":"product_tag-debarking-angle-battery-grinder","8":"product_tag-lahzit","9":"product_tag-log-milling-machine","10":"product_tag-log-peeler-lahzit","12":"first","13":"instock","14":"shipping-taxable","15":"purchasable","16":"product-type-simple"},"_links":{"self":[{"href":"https:\/\/rindeab.de\/index.php?rest_route=\/wp\/v2\/product\/42"}],"collection":[{"href":"https:\/\/rindeab.de\/index.php?rest_route=\/wp\/v2\/product"}],"about":[{"href":"https:\/\/rindeab.de\/index.php?rest_route=\/wp\/v2\/types\/product"}],"replies":[{"embeddable":true,"href":"https:\/\/rindeab.de\/index.php?rest_route=%2Fwp%2Fv2%2Fcomments&post=42"}],"wp:featuredmedia":[{"embeddable":true,"href":"https:\/\/rindeab.de\/index.php?rest_route=\/wp\/v2\/media\/21"}],"wp:attachment":[{"href":"https:\/\/rindeab.de\/index.php?rest_route=%2Fwp%2Fv2%2Fmedia&parent=42"}],"wp:term":[{"taxonomy":"product_brand","embeddable":true,"href":"https:\/\/rindeab.de\/index.php?rest_route=%2Fwp%2Fv2%2Fproduct_brand&post=42"},{"taxonomy":"product_cat","embeddable":true,"href":"https:\/\/rindeab.de\/index.php?rest_route=%2Fwp%2Fv2%2Fproduct_cat&post=42"},{"taxonomy":"product_tag","embeddable":true,"href":"https:\/\/rindeab.de\/index.php?rest_route=%2Fwp%2Fv2%2Fproduct_tag&post=42"}],"curies":[{"name":"wp","href":"https:\/\/api.w.org\/{rel}","templated":true}]}}