{"id":59,"date":"2023-07-27T16:33:03","date_gmt":"2023-07-27T16:33:03","guid":{"rendered":"https:\/\/rindeab.de\/?post_type=product&#038;p=59"},"modified":"2023-07-27T17:16:58","modified_gmt":"2023-07-27T17:16:58","slug":"entrinder-100etr-debarker-entrindungsgeraet-wie-eder-schaelgeraet-esg1-kopie","status":"publish","type":"product","link":"https:\/\/rindeab.de\/?product=entrinder-100etr-debarker-entrindungsgeraet-wie-eder-schaelgeraet-esg1-kopie","title":{"rendered":"3 Rund Messer f\u00fcr Trogh\u00f6hler Scheibenfr\u00e4se"},"content":{"rendered":"<blockquote><p><img loading=\"lazy\" decoding=\"async\" class=\"alignnone size-medium wp-image-61\" src=\"https:\/\/rindeab.de\/wp-content\/uploads\/2023\/07\/IMG_4844-191x300.jpeg\" alt=\"\" width=\"191\" height=\"300\" srcset=\"https:\/\/rindeab.de\/wp-content\/uploads\/2023\/07\/IMG_4844-191x300.jpeg 191w, https:\/\/rindeab.de\/wp-content\/uploads\/2023\/07\/IMG_4844-653x1024.jpeg 653w, https:\/\/rindeab.de\/wp-content\/uploads\/2023\/07\/IMG_4844-768x1205.jpeg 768w, https:\/\/rindeab.de\/wp-content\/uploads\/2023\/07\/IMG_4844-979x1536.jpeg 979w, https:\/\/rindeab.de\/wp-content\/uploads\/2023\/07\/IMG_4844-319x500.jpeg 319w, https:\/\/rindeab.de\/wp-content\/uploads\/2023\/07\/IMG_4844-600x941.jpeg 600w, https:\/\/rindeab.de\/wp-content\/uploads\/2023\/07\/IMG_4844.jpeg 1179w\" sizes=\"(max-width: 191px) 100vw, 191px\" \/><\/p>\n<p><strong>Bitte beim Kauf in \u00bbAnmerkungen zur Bestellung\u00ab wenn Sie PayPal w\u00fcnschen inc. E-Mail von Ihnen eintragen.<\/strong><\/p>\n<p><strong>Sie kaufen 3 rund Messer\u00a0<\/strong><br \/>\n<strong>In HSS Swiss Made 2cm.<\/strong><\/p>\n<p>Versand in Australien Schweiz USA UK anfragen und andere fernziele bitte anfragen!<br \/>\nShipping in Australia Switzerland USA UK und andere L\u00e4nder.<\/p>\n<p>&nbsp;<\/p><\/blockquote>\n","protected":false},"excerpt":{"rendered":"<blockquote><p><img loading=\"lazy\" decoding=\"async\" class=\"alignnone size-medium wp-image-61\" src=\"https:\/\/rindeab.de\/wp-content\/uploads\/2023\/07\/IMG_4844-191x300.jpeg\" alt=\"\" width=\"191\" height=\"300\" srcset=\"https:\/\/rindeab.de\/wp-content\/uploads\/2023\/07\/IMG_4844-191x300.jpeg 191w, https:\/\/rindeab.de\/wp-content\/uploads\/2023\/07\/IMG_4844-653x1024.jpeg 653w, https:\/\/rindeab.de\/wp-content\/uploads\/2023\/07\/IMG_4844-768x1205.jpeg 768w, https:\/\/rindeab.de\/wp-content\/uploads\/2023\/07\/IMG_4844-979x1536.jpeg 979w, https:\/\/rindeab.de\/wp-content\/uploads\/2023\/07\/IMG_4844-319x500.jpeg 319w, https:\/\/rindeab.de\/wp-content\/uploads\/2023\/07\/IMG_4844-600x941.jpeg 600w, https:\/\/rindeab.de\/wp-content\/uploads\/2023\/07\/IMG_4844.jpeg 1179w\" sizes=\"(max-width: 191px) 100vw, 191px\" \/><\/p><\/blockquote>\n","protected":false},"featured_media":61,"comment_status":"open","ping_status":"closed","template":"","meta":[],"product_brand":[],"product_cat":[15],"product_tag":[],"class_list":{"0":"post-59","1":"product","2":"type-product","3":"status-publish","4":"has-post-thumbnail","6":"product_cat-unkategorisiert","8":"first","9":"instock","10":"shipping-taxable","11":"purchasable","12":"product-type-simple"},"_links":{"self":[{"href":"https:\/\/rindeab.de\/index.php?rest_route=\/wp\/v2\/product\/59"}],"collection":[{"href":"https:\/\/rindeab.de\/index.php?rest_route=\/wp\/v2\/product"}],"about":[{"href":"https:\/\/rindeab.de\/index.php?rest_route=\/wp\/v2\/types\/product"}],"replies":[{"embeddable":true,"href":"https:\/\/rindeab.de\/index.php?rest_route=%2Fwp%2Fv2%2Fcomments&post=59"}],"wp:featuredmedia":[{"embeddable":true,"href":"https:\/\/rindeab.de\/index.php?rest_route=\/wp\/v2\/media\/61"}],"wp:attachment":[{"href":"https:\/\/rindeab.de\/index.php?rest_route=%2Fwp%2Fv2%2Fmedia&parent=59"}],"wp:term":[{"taxonomy":"product_brand","embeddable":true,"href":"https:\/\/rindeab.de\/index.php?rest_route=%2Fwp%2Fv2%2Fproduct_brand&post=59"},{"taxonomy":"product_cat","embeddable":true,"href":"https:\/\/rindeab.de\/index.php?rest_route=%2Fwp%2Fv2%2Fproduct_cat&post=59"},{"taxonomy":"product_tag","embeddable":true,"href":"https:\/\/rindeab.de\/index.php?rest_route=%2Fwp%2Fv2%2Fproduct_tag&post=59"}],"curies":[{"name":"wp","href":"https:\/\/api.w.org\/{rel}","templated":true}]}}